{"id":13,"date":"2025-03-12T19:33:22","date_gmt":"2025-03-12T19:33:22","guid":{"rendered":"https:\/\/mypropquest.com\/?page_id=13"},"modified":"2025-03-18T20:03:38","modified_gmt":"2025-03-18T20:03:38","slug":"educational","status":"publish","type":"page","link":"https:\/\/mypropquest.com\/es\/educational\/","title":{"rendered":"Recursos"},"content":{"rendered":"<div data-elementor-type=\"wp-page\" data-elementor-id=\"13\" class=\"elementor elementor-13\" data-elementor-post-type=\"page\">\n\t\t\t\t\t\t<section class=\"elementor-section elementor-top-section elementor-element elementor-element-eef79ca elementor-section-boxed elementor-section-height-default elementor-section-height-default\" data-id=\"eef79ca\" data-element_type=\"section\" data-e-type=\"section\" data-settings=\"{&quot;background_background&quot;:&quot;classic&quot;}\">\n\t\t\t\t\t\t\t<div class=\"elementor-background-overlay\"><\/div>\n\t\t\t\t\t\t\t<div class=\"elementor-container elementor-column-gap-default\">\n\t\t\t\t\t<div class=\"elementor-column elementor-col-100 elementor-top-column elementor-element elementor-element-3411c0b\" data-id=\"3411c0b\" data-element_type=\"column\" data-e-type=\"column\">\n\t\t\t<div class=\"elementor-widget-wrap elementor-element-populated\">\n\t\t\t\t\t\t<div class=\"elementor-element elementor-element-d7bc8a1 elementor-invisible elementor-widget elementor-widget-heading\" data-id=\"d7bc8a1\" data-element_type=\"widget\" data-e-type=\"widget\" data-settings=\"{&quot;_animation&quot;:&quot;fadeInUp&quot;}\" data-widget_type=\"heading.default\">\n\t\t\t\t<div class=\"elementor-widget-container\">\n\t\t\t\t\t<h1 class=\"elementor-heading-title elementor-size-default\">Real Estate Guides &amp; Insights<\/h1>\t\t\t\t<\/div>\n\t\t\t\t<\/div>\n\t\t\t\t<div class=\"elementor-element elementor-element-d5468e6 elementor-invisible elementor-widget elementor-widget-heading\" data-id=\"d5468e6\" data-element_type=\"widget\" data-e-type=\"widget\" data-settings=\"{&quot;_animation&quot;:&quot;fadeInUp&quot;,&quot;_animation_delay&quot;:200}\" data-widget_type=\"heading.default\">\n\t\t\t\t<div class=\"elementor-widget-container\">\n\t\t\t\t\t<h4 class=\"elementor-heading-title elementor-size-default\">Tu recurso confiable para comprar, vender o alquilar en Puerto Rico.<\/h4>\t\t\t\t<\/div>\n\t\t\t\t<\/div>\n\t\t\t\t\t<\/div>\n\t\t<\/div>\n\t\t\t\t\t<\/div>\n\t\t<\/section>\n\t\t\t\t<section class=\"elementor-section elementor-top-section elementor-element elementor-element-6994723e elementor-section-boxed elementor-section-height-default elementor-section-height-default\" data-id=\"6994723e\" data-element_type=\"section\" data-e-type=\"section\">\n\t\t\t\t\t\t<div class=\"elementor-container elementor-column-gap-default\">\n\t\t\t\t\t<div class=\"elementor-column elementor-col-100 elementor-top-column elementor-element elementor-element-567d8e28\" data-id=\"567d8e28\" data-element_type=\"column\" data-e-type=\"column\">\n\t\t\t<div class=\"elementor-widget-wrap elementor-element-populated\">\n\t\t\t\t\t\t<div class=\"elementor-element elementor-element-06ab5a7 elementor-widget elementor-widget-jet-smart-filters-radio\" data-id=\"06ab5a7\" data-element_type=\"widget\" data-e-type=\"widget\" data-widget_type=\"jet-smart-filters-radio.default\">\n\t\t\t\t<div class=\"elementor-widget-container\">\n\t\t\t\t\t<div class=\"jet-smart-filters-radio jet-filter\" data-indexer-rule=\"show\" data-show-counter=\"\" data-change-counter=\"always\"><div class=\"jet-radio-list\" data-query-type=\"tax_query\" data-query-var=\"category\" data-smart-filter=\"radio\" data-filter-id=\"437\" data-apply-type=\"ajax\" data-content-provider=\"epro-posts\" data-additional-providers=\"\" data-query-id=\"default\" data-active-label=\"\" data-layout-options=\"{&quot;show_label&quot;:&quot;&quot;,&quot;display_options&quot;:{&quot;show_items_label&quot;:false,&quot;show_decorator&quot;:false,&quot;filter_image_size&quot;:&quot;full&quot;,&quot;show_counter&quot;:false}}\" data-query-var-suffix=\"\" data-apply-on=\"value\" data-can-deselect=\"1\"><div class=\"jet-filter-items-search\">\n\t<input\n\t\tclass=\"jet-filter-items-search__input\"\n\t\ttype=\"search\"\n\t\tautocomplete=\"off\"\n\t\taria-label=\"Search in Post Filter\"\n\t\tplaceholder=\"Buscar art\u00edculo ..\"\t>\n\t<div class=\"jet-filter-items-search__clear\">\n\t\t<svg width=\"22\" height=\"28\" viewbox=\"0 0 22 28\" xmlns=\"http:\/\/www.w3.org\/2000\/svg\">\n\t<path d=\"M20.281 20.656c0 0.391-0.156 0.781-0.438 1.062l-2.125 2.125c-0.281 0.281-0.672 0.438-1.062 0.438s-0.781-0.156-1.062-0.438l-4.594-4.594-4.594 4.594c-0.281 0.281-0.672 0.438-1.062 0.438s-0.781-0.156-1.062-0.438l-2.125-2.125c-0.281-0.281-0.438-0.672-0.438-1.062s0.156-0.781 0.438-1.062l4.594-4.594-4.594-4.594c-0.281-0.281-0.438-0.672-0.438-1.062s0.156-0.781 0.438-1.062l2.125-2.125c0.281-0.281 0.672-0.438 1.062-0.438s0.781 0.156 1.062 0.438l4.594 4.594 4.594-4.594c0.281-0.281 0.672-0.438 1.062-0.438s0.781 0.156 1.062 0.438l2.125 2.125c0.281 0.281 0.438 0.672 0.438 1.062s-0.156 0.781-0.438 1.062l-4.594 4.594 4.594 4.594c0.281 0.281 0.438 0.672 0.438 1.062z\"><\/path>\n<\/svg>\n\t<\/div>\n<\/div><form class=\"jet-radio-list-wrapper\" action=\"\"><fieldset><legend style=\"display:none;\">Filtro de publicaciones<\/legend><div class=\"jet-radio-list__row jet-filter-row\">\n\t\t<label class=\"jet-radio-list__item\" >\n\t\t<input\n\t\t\ttype=\"radio\"\n\t\t\tclass=\"jet-radio-list__input\"\n\t\t\tname=\"category\"\n\t\t\tvalue=\"all\"\n\t\t\tdata-label=\"All\"\n\t\t\t\t\t\taria-label=\"Todos\"\n\t\t\t\t\t>\n\t\t<div class=\"jet-radio-list__button\">\n\t\t\t\t\t\t<span class=\"jet-radio-list__label\">Todos<\/span>\n\t\t\t\t\t<\/div>\n\t<\/label>\n<\/div><div class=\"jet-radio-list__row jet-filter-row\">\n\t\t<label class=\"jet-radio-list__item\" >\n\t\t<input\n\t\t\ttype=\"radio\"\n\t\t\tclass=\"jet-radio-list__input\"\n\t\t\tname=\"category\"\n\t\t\tvalue=\"16\"\n\t\t\tdata-label=\"Buying Guides\"\n\t\t\t\t\t\taria-label=\"Gu\u00edas de compra\"\n\t\t\t\t\t>\n\t\t<div class=\"jet-radio-list__button\">\n\t\t\t\t\t\t<span class=\"jet-radio-list__label\">Gu\u00edas de compra<\/span>\n\t\t\t\t\t<\/div>\n\t<\/label>\n<\/div><div class=\"jet-radio-list__row jet-filter-row\">\n\t\t<label class=\"jet-radio-list__item\" >\n\t\t<input\n\t\t\ttype=\"radio\"\n\t\t\tclass=\"jet-radio-list__input\"\n\t\t\tname=\"category\"\n\t\t\tvalue=\"17\"\n\t\t\tdata-label=\"Selling Guides\"\n\t\t\t\t\t\taria-label=\"Gu\u00edas de venta\"\n\t\t\t\t\t>\n\t\t<div class=\"jet-radio-list__button\">\n\t\t\t\t\t\t<span class=\"jet-radio-list__label\">Gu\u00edas de venta<\/span>\n\t\t\t\t\t<\/div>\n\t<\/label>\n<\/div><div class=\"jet-radio-list__row jet-filter-row\">\n\t\t<label class=\"jet-radio-list__item\" >\n\t\t<input\n\t\t\ttype=\"radio\"\n\t\t\tclass=\"jet-radio-list__input\"\n\t\t\tname=\"category\"\n\t\t\tvalue=\"18\"\n\t\t\tdata-label=\"Renting Guides\"\n\t\t\t\t\t\taria-label=\"Gu\u00edas de alquiler\"\n\t\t\t\t\t>\n\t\t<div class=\"jet-radio-list__button\">\n\t\t\t\t\t\t<span class=\"jet-radio-list__label\">Gu\u00edas de alquiler<\/span>\n\t\t\t\t\t<\/div>\n\t<\/label>\n<\/div><\/fieldset><input type=\"hidden\" name=\"trp-form-language\" value=\"es\"\/><\/form><\/div>\n<\/div>\t\t\t\t<\/div>\n\t\t\t\t<\/div>\n\t\t\t\t<div class=\"elementor-element elementor-element-fac6af9 elementor-grid-3 elementor-grid-tablet-2 elementor-grid-mobile-1 elementor-posts--thumbnail-top elementor-card-shadow-yes elementor-posts__hover-gradient elementor-widget elementor-widget-posts\" data-id=\"fac6af9\" data-element_type=\"widget\" data-e-type=\"widget\" data-settings=\"{&quot;cards_columns&quot;:&quot;3&quot;,&quot;cards_columns_tablet&quot;:&quot;2&quot;,&quot;cards_columns_mobile&quot;:&quot;1&quot;,&quot;cards_row_gap&quot;:{&quot;unit&quot;:&quot;px&quot;,&quot;size&quot;:35,&quot;sizes&quot;:[]},&quot;cards_row_gap_tablet&quot;:{&quot;unit&quot;:&quot;px&quot;,&quot;size&quot;:&quot;&quot;,&quot;sizes&quot;:[]},&quot;cards_row_gap_mobile&quot;:{&quot;unit&quot;:&quot;px&quot;,&quot;size&quot;:&quot;&quot;,&quot;sizes&quot;:[]}}\" data-widget_type=\"posts.cards\">\n\t\t\t\t<div class=\"elementor-widget-container\">\n\t\t\t\t\t\t\t<div class=\"elementor-posts-container elementor-posts elementor-posts--skin-cards elementor-grid\" role=\"list\">\n\t\t\t\t<article class=\"elementor-post elementor-grid-item post-1014 post type-post status-publish format-standard has-post-thumbnail hentry category-uncategorized\" role=\"listitem\">\n\t\t\t<div class=\"elementor-post__card\">\n\t\t\t\t<a class=\"elementor-post__thumbnail__link\" href=\"https:\/\/mypropquest.com\/es\/where-do-i-start-step-zero-before-buying-property-in-puerto-rico\/\" tabindex=\"-1\" ><div class=\"elementor-post__thumbnail\"><img fetchpriority=\"high\" decoding=\"async\" width=\"300\" height=\"200\" src=\"https:\/\/mypropquest.com\/wp-content\/uploads\/2025\/04\/imagereader-1-300x200.webp\" class=\"attachment-medium size-medium wp-image-1015\" alt=\"Where Do I Start? Step Zero Before Buying Property in Puerto Rico\" srcset=\"https:\/\/mypropquest.com\/wp-content\/uploads\/2025\/04\/imagereader-1-300x200.webp 300w, https:\/\/mypropquest.com\/wp-content\/uploads\/2025\/04\/imagereader-1-18x12.webp 18w, https:\/\/mypropquest.com\/wp-content\/uploads\/2025\/04\/imagereader-1.webp 708w\" sizes=\"(max-width: 300px) 100vw, 300px\" \/><\/div><\/a>\n\t\t\t\t<div class=\"elementor-post__badge\">Sin categorizar<\/div>\n\t\t\t\t<div class=\"elementor-post__text\">\n\t\t\t\t<h3 class=\"elementor-post__title\">\n\t\t\t<a href=\"https:\/\/mypropquest.com\/es\/where-do-i-start-step-zero-before-buying-property-in-puerto-rico\/\" >\n\t\t\t\t\u00bfPor d\u00f3nde empiezo? El paso cero antes de comprar una propiedad en Puerto Rico\t\t\t<\/a>\n\t\t<\/h3>\n\t\t\t\t<div class=\"elementor-post__excerpt\">\n\t\t\t<p>Antes de comenzar a visitar propiedades o buscar entre listados, es fundamental definir c\u00f3mo planea realizar la compra: \u00bfpagar\u00e1 en efectivo o usar\u00e1 un pr\u00e9stamo hipotecario? Este primer paso<\/p>\n\t\t<\/div>\n\t\t\t\t\t<div class=\"elementor-post__read-more-wrapper\">\n\t\t\n\t\t<a class=\"elementor-post__read-more\" href=\"https:\/\/mypropquest.com\/es\/where-do-i-start-step-zero-before-buying-property-in-puerto-rico\/\" aria-label=\"Read more about Where Do I Start? Step Zero Before Buying Property in Puerto Rico\" tabindex=\"-1\" >\n\t\t\tLeer m\u00e1s &#034;\t\t<\/a>\n\n\t\t\t\t\t<\/div>\n\t\t\t\t<\/div>\n\t\t\t\t<div class=\"elementor-post__meta-data\">\n\t\t\t\t\t<span class=\"elementor-post-date\">\n\t\t\t9 de abril de 2025\t\t<\/span>\n\t\t\t\t<span class=\"elementor-post-avatar\">\n\t\t\tNo hay comentarios\t\t<\/span>\n\t\t\t\t<\/div>\n\t\t\t\t\t<\/div>\n\t\t<\/article>\n\t\t\t\t<article class=\"elementor-post elementor-grid-item post-467 post type-post status-publish format-standard has-post-thumbnail hentry category-selling-guides\" role=\"listitem\">\n\t\t\t<div class=\"elementor-post__card\">\n\t\t\t\t<a class=\"elementor-post__thumbnail__link\" href=\"https:\/\/mypropquest.com\/es\/is-now-a-good-time-to-sell-your-property-in-puerto-rico\/\" tabindex=\"-1\" ><div class=\"elementor-post__thumbnail\"><img decoding=\"async\" width=\"300\" height=\"169\" src=\"https:\/\/mypropquest.com\/wp-content\/uploads\/2025\/03\/tips-for-selling-your-home-300x169.webp\" class=\"attachment-medium size-medium wp-image-468\" alt=\"\" srcset=\"https:\/\/mypropquest.com\/wp-content\/uploads\/2025\/03\/tips-for-selling-your-home-300x169.webp 300w, https:\/\/mypropquest.com\/wp-content\/uploads\/2025\/03\/tips-for-selling-your-home-1024x576.webp 1024w, https:\/\/mypropquest.com\/wp-content\/uploads\/2025\/03\/tips-for-selling-your-home-768x432.webp 768w, https:\/\/mypropquest.com\/wp-content\/uploads\/2025\/03\/tips-for-selling-your-home.webp 1280w\" sizes=\"(max-width: 300px) 100vw, 300px\" \/><\/div><\/a>\n\t\t\t\t<div class=\"elementor-post__badge\">Gu\u00edas de venta<\/div>\n\t\t\t\t<div class=\"elementor-post__text\">\n\t\t\t\t<h3 class=\"elementor-post__title\">\n\t\t\t<a href=\"https:\/\/mypropquest.com\/es\/is-now-a-good-time-to-sell-your-property-in-puerto-rico\/\" >\n\t\t\t\t\u00bfEs ahora un buen momento para vender su propiedad en Puerto Rico?\t\t\t<\/a>\n\t\t<\/h3>\n\t\t\t\t<div class=\"elementor-post__excerpt\">\n\t\t\t<p>Decidir vender una propiedad no es solo cuesti\u00f3n de intenci\u00f3n; tambi\u00e9n se trata de estrategia y oportunidad. En Puerto Rico, las condiciones de compraventa han evolucionado. Si bien existe un inter\u00e9s activo...<\/p>\n\t\t<\/div>\n\t\t\t\t\t<div class=\"elementor-post__read-more-wrapper\">\n\t\t\n\t\t<a class=\"elementor-post__read-more\" href=\"https:\/\/mypropquest.com\/es\/is-now-a-good-time-to-sell-your-property-in-puerto-rico\/\" aria-label=\"Read more about Is Now a Good Time to Sell Your Property in Puerto Rico?\" tabindex=\"-1\" >\n\t\t\tLeer m\u00e1s &#034;\t\t<\/a>\n\n\t\t\t\t\t<\/div>\n\t\t\t\t<\/div>\n\t\t\t\t<div class=\"elementor-post__meta-data\">\n\t\t\t\t\t<span class=\"elementor-post-date\">\n\t\t\t18 de marzo de 2025\t\t<\/span>\n\t\t\t\t<span class=\"elementor-post-avatar\">\n\t\t\tNo hay comentarios\t\t<\/span>\n\t\t\t\t<\/div>\n\t\t\t\t\t<\/div>\n\t\t<\/article>\n\t\t\t\t<article class=\"elementor-post elementor-grid-item post-399 post type-post status-publish format-standard has-post-thumbnail hentry category-buying-guides\" role=\"listitem\">\n\t\t\t<div class=\"elementor-post__card\">\n\t\t\t\t<a class=\"elementor-post__thumbnail__link\" href=\"https:\/\/mypropquest.com\/es\/is-renting-out-my-property-profitable-what-you-should-calculate-before-listing-it\/\" tabindex=\"-1\" ><div class=\"elementor-post__thumbnail\"><img decoding=\"async\" width=\"300\" height=\"200\" src=\"https:\/\/mypropquest.com\/wp-content\/uploads\/2025\/03\/imagereader-2-300x200.webp\" class=\"attachment-medium size-medium wp-image-1021\" alt=\"\" srcset=\"https:\/\/mypropquest.com\/wp-content\/uploads\/2025\/03\/imagereader-2-300x200.webp 300w, https:\/\/mypropquest.com\/wp-content\/uploads\/2025\/03\/imagereader-2-18x12.webp 18w, https:\/\/mypropquest.com\/wp-content\/uploads\/2025\/03\/imagereader-2.webp 708w\" sizes=\"(max-width: 300px) 100vw, 300px\" \/><\/div><\/a>\n\t\t\t\t<div class=\"elementor-post__badge\">Gu\u00edas de compra<\/div>\n\t\t\t\t<div class=\"elementor-post__text\">\n\t\t\t\t<h3 class=\"elementor-post__title\">\n\t\t\t<a href=\"https:\/\/mypropquest.com\/es\/is-renting-out-my-property-profitable-what-you-should-calculate-before-listing-it\/\" >\n\t\t\t\t\u00bfEs rentable alquilar mi propiedad? Qu\u00e9 debes calcular antes de anunciarla\t\t\t<\/a>\n\t\t<\/h3>\n\t\t\t\t<div class=\"elementor-post__excerpt\">\n\t\t\t<p>Alquilar su propiedad puede ser una excelente manera de generar ingresos, pero para que sea verdaderamente rentable, es importante realizar algunos c\u00e1lculos y comprender qu\u00e9 significa.<\/p>\n\t\t<\/div>\n\t\t\t\t\t<div class=\"elementor-post__read-more-wrapper\">\n\t\t\n\t\t<a class=\"elementor-post__read-more\" href=\"https:\/\/mypropquest.com\/es\/is-renting-out-my-property-profitable-what-you-should-calculate-before-listing-it\/\" aria-label=\"Read more about Is Renting Out My Property Profitable? What You Should Calculate Before Listing It\" tabindex=\"-1\" >\n\t\t\tLeer m\u00e1s &#034;\t\t<\/a>\n\n\t\t\t\t\t<\/div>\n\t\t\t\t<\/div>\n\t\t\t\t<div class=\"elementor-post__meta-data\">\n\t\t\t\t\t<span class=\"elementor-post-date\">\n\t\t\t18 de marzo de 2025\t\t<\/span>\n\t\t\t\t<span class=\"elementor-post-avatar\">\n\t\t\tNo hay comentarios\t\t<\/span>\n\t\t\t\t<\/div>\n\t\t\t\t\t<\/div>\n\t\t<\/article>\n\t\t\t\t<\/div>\n\t\t\n\t\t\t\t\t\t<\/div>\n\t\t\t\t<\/div>\n\t\t\t\t\t<\/div>\n\t\t<\/div>\n\t\t\t\t\t<\/div>\n\t\t<\/section>\n\t\t\t\t<\/div>","protected":false},"excerpt":{"rendered":"<p>Real Estate Guides &#038; Insights Your Ultimate Resource for Buying, Selling, and Renting Post Filter Buying Guides Selling Guides Renting Guides General Blog<\/p>","protected":false},"author":1,"featured_media":0,"parent":0,"menu_order":0,"comment_status":"closed","ping_status":"closed","template":"elementor_header_footer","meta":{"footnotes":""},"class_list":["post-13","page","type-page","status-publish","hentry"],"_links":{"self":[{"href":"https:\/\/mypropquest.com\/es\/wp-json\/wp\/v2\/pages\/13","targetHints":{"allow":["GET"]}}],"collection":[{"href":"https:\/\/mypropquest.com\/es\/wp-json\/wp\/v2\/pages"}],"about":[{"href":"https:\/\/mypropquest.com\/es\/wp-json\/wp\/v2\/types\/page"}],"author":[{"embeddable":true,"href":"https:\/\/mypropquest.com\/es\/wp-json\/wp\/v2\/users\/1"}],"replies":[{"embeddable":true,"href":"https:\/\/mypropquest.com\/es\/wp-json\/wp\/v2\/comments?post=13"}],"version-history":[{"count":61,"href":"https:\/\/mypropquest.com\/es\/wp-json\/wp\/v2\/pages\/13\/revisions"}],"predecessor-version":[{"id":493,"href":"https:\/\/mypropquest.com\/es\/wp-json\/wp\/v2\/pages\/13\/revisions\/493"}],"wp:attachment":[{"href":"https:\/\/mypropquest.com\/es\/wp-json\/wp\/v2\/media?parent=13"}],"curies":[{"name":"wp","href":"https:\/\/api.w.org\/{rel}","templated":true}]}}